{"id":1432,"date":"2024-01-01T03:05:44","date_gmt":"2024-01-01T03:05:44","guid":{"rendered":"https:\/\/vtopik.edu.vn\/?page_id=1432"},"modified":"2024-01-04T15:27:45","modified_gmt":"2024-01-04T15:27:45","slug":"gioi-thieu","status":"publish","type":"page","link":"https:\/\/vtopik.edu.vn\/index.php\/gioi-thieu\/","title":{"rendered":"GI\u1edaI THI\u1ec6U TRUNG T\u00c2M"},"content":{"rendered":"\n<div class=\"wp-block-group alignfull\"><div class=\"wp-block-group__inner-container is-layout-constrained wp-container-core-group-is-layout-b0c428d9 wp-block-group-is-layout-constrained\">\n<div class=\"wp-block-columns alignwide has-background is-layout-flex wp-container-core-columns-is-layout-9d6595d7 wp-block-columns-is-layout-flex\" style=\"background-color:#ffedf5\">\n<div class=\"wp-block-column is-vertically-aligned-center is-layout-flow wp-block-column-is-layout-flow\">\n<figure class=\"wp-block-embed alignfull is-type-video is-provider-youtube wp-block-embed-youtube wp-embed-aspect-16-9 wp-has-aspect-ratio\"><div class=\"wp-block-embed__wrapper\">\n<iframe loading=\"lazy\" title=\"VTOPIK - Trung t\u00e2m H\u00e0n Ng\u1eef\" width=\"1170\" height=\"658\" src=\"https:\/\/www.youtube.com\/embed\/UgUvwUufxI8?start=28&#038;feature=oembed\" frameborder=\"0\" allow=\"accelerometer; autoplay; clipboard-write; encrypted-media; gyroscope; picture-in-picture; web-share\" allowfullscreen><\/iframe>\n<\/div><\/figure>\n\n\n\n<p class=\"has-text-color has-inter-font-family\" style=\"color:#000000;font-size:18px;font-style:normal;font-weight:600;line-height:1.3\">Sau h\u00e0nh tr\u00ecnh 6 n\u0103m ho\u1ea1t \u0111\u1ed9ng, \u0111\u1ed9i ng\u0169 V-TOPIK \u0111\u00e3 x\u00e1c \u0111\u1ecbnh \u0111\u01b0\u1ee3c s\u1ee9 m\u1ec7nh v\u00e0 gi\u00e1 tr\u1ecb c\u1ed1t l\u00f5i c\u1ee7a trung t\u00e2m, hy v\u1ecdng \u0111\u01b0\u1ee3c \u0111\u00f3ng g\u00f3p m\u1ed9t \u0111i\u1ec3m s\u00e1ng v\u00e0o b\u1ee9c tranh Gi\u00e1o d\u1ee5c Vi\u1ec7t Nam.<\/p>\n\n\n\n<div class=\"wp-block-buttons is-layout-flex wp-block-buttons-is-layout-flex\">\n<div class=\"wp-block-button\"><a class=\"wp-block-button__link has-text-color has-background wp-element-button\" href=\"https:\/\/vtopik.edu.vn\/index.php\/shop\/\" style=\"border-style:none;border-width:0px;border-radius:100px;color:#000000;background-color:#ff7179\">\u0110\u0102NG K\u00dd NGAY<\/a><\/div>\n<\/div>\n<\/div>\n<\/div>\n<\/div><\/div>\n\n\n\n<div class=\"wp-block-group alignfull\" style=\"margin-top:0px;margin-bottom:80px\"><div class=\"wp-block-group__inner-container is-layout-constrained wp-block-group-is-layout-constrained\">\n<div class=\"wp-block-columns alignfull is-layout-flex wp-container-core-columns-is-layout-5f4f44cd wp-block-columns-is-layout-flex\" style=\"padding-top:0;padding-right:0;padding-bottom:0;padding-left:0\">\n<div class=\"wp-block-column is-layout-flow wp-block-column-is-layout-flow\">\n<div class=\"wp-block-cover alignright is-light\" style=\"min-height:516px;aspect-ratio:unset;\"><span aria-hidden=\"true\" class=\"wp-block-cover__background has-background-dim-0 has-background-dim\"><\/span><img loading=\"lazy\" decoding=\"async\" width=\"908\" height=\"1094\" class=\"wp-block-cover__image-background wp-image-1552\" alt=\"\" src=\"https:\/\/vtopik.edu.vn\/wp-content\/uploads\/2024\/01\/Untitled-4.png\" data-object-fit=\"cover\" srcset=\"https:\/\/vtopik.edu.vn\/wp-content\/uploads\/2024\/01\/Untitled-4.png 908w, https:\/\/vtopik.edu.vn\/wp-content\/uploads\/2024\/01\/Untitled-4-249x300.png 249w, https:\/\/vtopik.edu.vn\/wp-content\/uploads\/2024\/01\/Untitled-4-850x1024.png 850w, https:\/\/vtopik.edu.vn\/wp-content\/uploads\/2024\/01\/Untitled-4-768x925.png 768w, https:\/\/vtopik.edu.vn\/wp-content\/uploads\/2024\/01\/Untitled-4-600x723.png 600w\" sizes=\"auto, (max-width: 908px) 100vw, 908px\" \/><div class=\"wp-block-cover__inner-container is-layout-flow wp-block-cover-is-layout-flow\">\n<p class=\"has-text-align-center has-large-font-size\"> <\/p>\n<\/div><\/div>\n<\/div>\n\n\n\n<div class=\"wp-block-column is-vertically-aligned-center is-layout-constrained wp-container-core-column-is-layout-82686151 wp-block-column-is-layout-constrained\" style=\"padding-top:0;padding-right:0;padding-bottom:0;padding-left:0\">\n<div class=\"wp-block-group alignwide\" style=\"margin-top:var(--wp--preset--spacing--40);margin-bottom:var(--wp--preset--spacing--40);padding-top:0px;padding-right:60px;padding-bottom:0px;padding-left:60px\"><div class=\"wp-block-group__inner-container is-layout-flow wp-block-group-is-layout-flow\">\n<h2 class=\"wp-block-heading has-text-align-left has-large-font-size has-vivid-cyan-blue-color has-text-color has-link-color wp-elements-8195ed4a6dc5eb5edc31042f199751a2\">GI\u1edaI THI\u1ec6U V\u1ec0 TRUNG T\u00c2M<\/h2>\n\n\n\n<p>Trung T\u00e2m Ti\u1ebfng H\u00e0n V-TOPIK Korea l\u00e0 \u0111\u1ed1i t\u00e1c chi\u1ebfn l\u01b0\u1ee3c<br>c\u1ee7a TOPIK KOREA, th\u01b0\u01a1ng hi\u1ec7u gi\u00e1o d\u1ee5c ti\u1ebfng H\u00e0n n\u1ed5i ti\u1ebfng<br>t\u1ea1i H\u00e0n Qu\u1ed1c.<br>V-TOPIK \u0111\u01b0\u1ee3c th\u00e0nh l\u1eadp b\u1edfi:<br>\u2713 Th\u1ea7y Oh SeaHyoung \u2013 Vi\u1ec7n tr\u01b0\u1edfng vi\u1ec7n ti\u1ebfng tr\u01b0\u1eddng \u0111\u1ea1i<br>h\u1ecdc Chongshin H\u00e0n Qu\u1ed1c<br>\u2713 Th\u1ea7y Kong Dong Seong \u2013 C\u1ef1u Vi\u1ec7n ph\u00f3 vi\u1ec7n ti\u1ebfng tr\u01b0\u1eddng<br>\u0111\u1ea1i h\u1ecdc Chongshin H\u00e0n Qu\u1ed1c<br>\u2713 C\u00f4 Nguy\u1ec5n Th\u1ecb Nguy\u1ec7t Minh \u2013 ng\u01b0\u1eddi \u0111\u01b0\u1ee3c m\u1ec7nh danh l\u00e0<br>\u201cChuy\u00ean gia d\u1ecbch Cabin\u201d trong c\u1ed9ng \u0111\u1ed3ng h\u1ecdc ti\u1ebfng H\u00e0n<\/p>\n\n\n\n<p style=\"margin-bottom:var(--wp--preset--spacing--40)\"> <\/p>\n<\/div><\/div>\n<\/div>\n<\/div>\n\n\n\n<div class=\"wp-block-columns are-vertically-aligned-center is-layout-flex wp-container-core-columns-is-layout-919ea479 wp-block-columns-is-layout-flex\" style=\"margin-top:0;margin-bottom:0;padding-top:0;padding-right:0;padding-bottom:0;padding-left:0\">\n<div class=\"wp-block-column is-vertically-aligned-center is-layout-flow wp-block-column-is-layout-flow\">\n<div class=\"wp-block-columns is-layout-flex wp-container-core-columns-is-layout-9d6595d7 wp-block-columns-is-layout-flex\">\n<div class=\"wp-block-column is-layout-flow wp-block-column-is-layout-flow\" style=\"flex-basis:33.33%\">\n<figure class=\"wp-block-image size-full is-resized\"><img loading=\"lazy\" decoding=\"async\" width=\"390\" height=\"384\" src=\"https:\/\/vtopik.edu.vn\/wp-content\/uploads\/2024\/01\/tamnhin.png\" alt=\"\" class=\"wp-image-1554\" style=\"width:237px;height:auto\" srcset=\"https:\/\/vtopik.edu.vn\/wp-content\/uploads\/2024\/01\/tamnhin.png 390w, https:\/\/vtopik.edu.vn\/wp-content\/uploads\/2024\/01\/tamnhin-300x295.png 300w\" sizes=\"auto, (max-width: 390px) 100vw, 390px\" \/><\/figure>\n<\/div>\n\n\n\n<div class=\"wp-block-column is-layout-flow wp-block-column-is-layout-flow\" style=\"flex-basis:66.66%\">\n<p><strong>T\u1ea6M NH\u00ccN<\/strong><\/p>\n\n\n\n<p>V-TOPIK l\u00e0 t\u1ed5 ch\u1ee9c gi\u00e1o d\u1ee5c cung c\u1ea5p c\u00e1c kh\u00f3a h\u1ecdc k\u1ef9 n\u0103ng cho ng\u01b0\u1eddi Vi\u1ec7t tr\u1ebb h\u01b0\u1edbng \u0111\u1ebfn ho\u00e0n thi\u1ec7n gi\u00e1 tr\u1ecb c\u00e1 nh\u00e2n nh\u1eb1m n\u00e2ng cao v\u1ecb th\u1ebf c\u1ed9ng \u0111\u1ed3ng.<\/p>\n<\/div>\n<\/div>\n\n\n\n<div class=\"wp-block-columns is-layout-flex wp-container-core-columns-is-layout-9d6595d7 wp-block-columns-is-layout-flex\">\n<div class=\"wp-block-column is-layout-flow wp-block-column-is-layout-flow\" style=\"flex-basis:66.66%\">\n<p><strong>S\u1ee9 m\u1ec7nh<\/strong><\/p>\n\n\n\n<p>V-TOPIK v\u1edbi s\u1ef1 m\u1ec7nh nghi\u00ean c\u1ee9u v\u00e0 t\u1ea1o ra c\u00e1c ch\u01b0\u01a1ng tr\u00ecnh \u0111\u00e0o t\u1ea1o ph\u00f9 h\u1ee3p nh\u1eb1m hi\u1ec7n th\u1ef1c h\u00f3a m\u1ecdi m\u1ee5c ti\u00eau h\u1ecdc t\u1eadp cho b\u1ea5t k\u1ef3 ai c\u00f3 mong mu\u1ed1n ki\u1ebfn t\u1ea1o m\u1ed9t t\u01b0\u01a1ng lai t\u1ed1t h\u01a1n cho b\u1ea3n th\u00e2n v\u00e0 cho c\u1ed9ng \u0111\u1ed3ng.<\/p>\n<\/div>\n\n\n\n<div class=\"wp-block-column is-layout-flow wp-block-column-is-layout-flow\" style=\"flex-basis:33.33%\">\n<figure class=\"wp-block-image size-full is-resized\"><img loading=\"lazy\" decoding=\"async\" width=\"398\" height=\"384\" src=\"https:\/\/vtopik.edu.vn\/wp-content\/uploads\/2024\/01\/su-menh.png\" alt=\"\" class=\"wp-image-1555\" style=\"width:277px;height:auto\" srcset=\"https:\/\/vtopik.edu.vn\/wp-content\/uploads\/2024\/01\/su-menh.png 398w, https:\/\/vtopik.edu.vn\/wp-content\/uploads\/2024\/01\/su-menh-300x289.png 300w\" sizes=\"auto, (max-width: 398px) 100vw, 398px\" \/><\/figure>\n<\/div>\n<\/div>\n\n\n\n<div class=\"wp-block-columns alignwide is-layout-flex wp-container-core-columns-is-layout-9d6595d7 wp-block-columns-is-layout-flex\">\n<div class=\"wp-block-column is-layout-flow wp-block-column-is-layout-flow\" style=\"flex-basis:100%\"><div class=\"wp-block-image\">\n<figure class=\"aligncenter size-full is-resized\"><img loading=\"lazy\" decoding=\"async\" width=\"392\" height=\"384\" src=\"https:\/\/vtopik.edu.vn\/wp-content\/uploads\/2024\/01\/gtri-1.png\" alt=\"\" class=\"wp-image-1557\" style=\"width:278px;height:auto\" srcset=\"https:\/\/vtopik.edu.vn\/wp-content\/uploads\/2024\/01\/gtri-1.png 392w, https:\/\/vtopik.edu.vn\/wp-content\/uploads\/2024\/01\/gtri-1-300x294.png 300w\" sizes=\"auto, (max-width: 392px) 100vw, 392px\" \/><\/figure>\n<\/div>\n\n\n<p class=\"has-text-align-center\"><strong>Gi\u00e1 tr\u1ecb c\u1ed1t l\u00f5i<\/strong><\/p>\n\n\n\n<p>\u0110\u1ec3  hi\u1ec7n ho\u00e0n th\u00e0nh s\u1ee9 m\u1ec7nh c\u1ee7a m\u00ecnh, V-Topik l\u1ef1a ch\u1ecdn v\u00e0 g\u00ecn gi\u1eef c\u00e1c gi\u00e1 tr\u1ecb c\u1ed1t l\u00f5i c\u1ee7a m\u00ecnh: <\/p>\n\n\n\n<p>S\u00e1ng t\u1ea1o kh\u00f4ng ng\u1eebng, kh\u00f4ng \u0111\u1ec3 \u0111\u1ecbnh ki\u1ebfn v\u00e0 l\u1ed1i m\u00f2n c\u1ea3n b\u01b0\u1edbc qu\u00e1 tr\u00ecnh n\u00e2ng c\u1ea5p ch\u1ea5t l\u01b0\u1ee3ng c\u1ee7a V-Topik. <\/p>\n\n\n\n<p>T\u1ed5 ch\u1ee9c minh b\u1ea1ch v\u00e0 tinh g\u1ecdn trong su\u1ed1t qu\u00e1 tr\u00ecnh \u0111\u1ed1i n\u1ed9i v\u00e0 \u0111\u1ed1i ngo\u1ea1i c\u1ee7a ORO nh\u1eb1m t\u1ea1o ra k\u1ebft n\u1ed1i thu\u1ea7n ch\u1ea5t, nguy\u00ean b\u1ea3n v\u00e0 ch\u00e2n th\u1eadt nh\u1ea5t. <\/p>\n\n\n\n<p>B\u1ea3o to\u00e0n gi\u00e1 tr\u1ecb c\u1ed1ng hi\u1ebfn cho c\u1ed9ng \u0111\u1ed3ng v\u00e0 m\u00f4i sinh, b\u1ea5t c\u1ee9 ho\u1ea1t \u0111\u1ed9ng nghi\u00ean c\u1ee9u, t\u1ed5 ch\u1ee9c, kinh t\u1ebf n\u00e0o c\u1ee7a ORO \u0111\u1ec1u ph\u1ea3i h\u01b0\u1edbng \u0111\u1ebfn t\u00f4n tr\u1ecdng tuy\u1ec7t \u0111\u1ed1i c\u1ed9ng \u0111\u1ed3ng v\u00e0 h\u1ec7 sinh th\u00e1i.<\/p>\n<\/div>\n<\/div>\n<\/div>\n<\/div>\n<\/div><\/div>\n","protected":false},"excerpt":{"rendered":"<p>Sau h\u00e0nh tr\u00ecnh 6 n\u0103m ho\u1ea1t \u0111\u1ed9ng, \u0111\u1ed9i&hellip;<\/p>\n","protected":false},"author":1,"featured_media":0,"parent":0,"menu_order":0,"comment_status":"closed","ping_status":"closed","template":"","meta":{"footnotes":""},"class_list":["post-1432","page","type-page","status-publish","hentry"],"_links":{"self":[{"href":"https:\/\/vtopik.edu.vn\/index.php\/wp-json\/wp\/v2\/pages\/1432","targetHints":{"allow":["GET"]}}],"collection":[{"href":"https:\/\/vtopik.edu.vn\/index.php\/wp-json\/wp\/v2\/pages"}],"about":[{"href":"https:\/\/vtopik.edu.vn\/index.php\/wp-json\/wp\/v2\/types\/page"}],"author":[{"embeddable":true,"href":"https:\/\/vtopik.edu.vn\/index.php\/wp-json\/wp\/v2\/users\/1"}],"replies":[{"embeddable":true,"href":"https:\/\/vtopik.edu.vn\/index.php\/wp-json\/wp\/v2\/comments?post=1432"}],"version-history":[{"count":6,"href":"https:\/\/vtopik.edu.vn\/index.php\/wp-json\/wp\/v2\/pages\/1432\/revisions"}],"predecessor-version":[{"id":1605,"href":"https:\/\/vtopik.edu.vn\/index.php\/wp-json\/wp\/v2\/pages\/1432\/revisions\/1605"}],"wp:attachment":[{"href":"https:\/\/vtopik.edu.vn\/index.php\/wp-json\/wp\/v2\/media?parent=1432"}],"curies":[{"name":"wp","href":"https:\/\/api.w.org\/{rel}","templated":true}]}}